{"id":822,"date":"2018-07-16T23:50:16","date_gmt":"2018-07-16T21:50:16","guid":{"rendered":"https:\/\/fundacjawilkonia.pl\/?page_id=822"},"modified":"2019-11-07T19:46:00","modified_gmt":"2019-11-07T18:46:00","slug":"kalendarium","status":"publish","type":"page","link":"https:\/\/fundacjawilkonia.pl\/index.php\/kalendarium\/","title":{"rendered":"Kalendarium"},"content":{"rendered":"<div class=\"gmail_quote\">\n<div class=\"m_2641777940487056273m_-6538031461773707674m_-4531744121602899352m_8563526642957471129m_-5575929468745791979m_667212189538037627m_-4924010008181858895nh_extra\">\n<div id=\"m_2641777940487056273m_-6538031461773707674m_-4531744121602899352m_8563526642957471129m_-5575929468745791979m_667212189538037627m_-4924010008181858895gwpf7c394ac\">\n<div id=\"m_2641777940487056273m_-6538031461773707674m_-4531744121602899352m_8563526642957471129m_-5575929468745791979m_667212189538037627m_-4924010008181858895gwpf7c394ach\">\n<div class=\"m_2641777940487056273m_-6538031461773707674m_-4531744121602899352m_8563526642957471129m_-5575929468745791979m_667212189538037627m_-4924010008181858895gwpf7c394acb\">\n<div class=\"m_2641777940487056273m_-6538031461773707674m_-4531744121602899352m_8563526642957471129m_-5575929468745791979m_667212189538037627m_-4924010008181858895gwpf7c394ac_gmail_quote\">\n<div class=\"m_2641777940487056273m_-6538031461773707674m_-4531744121602899352m_8563526642957471129m_-5575929468745791979m_667212189538037627m_-4924010008181858895gwpf7c394ac_gmail-m_-261316172244701859nh_extra\">\n<div id=\"m_2641777940487056273m_-6538031461773707674m_-4531744121602899352m_8563526642957471129m_-5575929468745791979m_667212189538037627m_-4924010008181858895gwpf7c394ac_gmail-m_-261316172244701859gwp3292f952\">\n<div id=\"m_2641777940487056273m_-6538031461773707674m_-4531744121602899352m_8563526642957471129m_-5575929468745791979m_667212189538037627m_-4924010008181858895gwpf7c394ac_gmail-m_-261316172244701859gwp3292f952h\">\n<div class=\"m_2641777940487056273m_-6538031461773707674m_-4531744121602899352m_8563526642957471129m_-5575929468745791979m_667212189538037627m_-4924010008181858895gwpf7c394ac_gmail-m_-261316172244701859gwp3292f952b\">\n<div class=\"m_2641777940487056273m_-6538031461773707674m_-4531744121602899352m_8563526642957471129m_-5575929468745791979m_667212189538037627m_-4924010008181858895gwpf7c394ac_gmail-m_-261316172244701859gwp3292f952_gmail_quote\">\n<div id=\"m_2641777940487056273m_-6538031461773707674m_-4531744121602899352m_8563526642957471129m_-5575929468745791979m_667212189538037627m_-4924010008181858895gwpf7c394ac_gmail-m_-261316172244701859gwp3292f952_gmail-m_-8159756851146485376gwpb31cc0f6\">\n<div id=\"m_2641777940487056273m_-6538031461773707674m_-4531744121602899352m_8563526642957471129m_-5575929468745791979m_667212189538037627m_-4924010008181858895gwpf7c394ac_gmail-m_-261316172244701859gwp3292f952_gmail-m_-8159756851146485376gwpb31cc0f6h\">\n<div class=\"m_2641777940487056273m_-6538031461773707674m_-4531744121602899352m_8563526642957471129m_-5575929468745791979m_667212189538037627m_-4924010008181858895gwpf7c394ac_gmail-m_-261316172244701859gwp3292f952_gmail-m_-8159756851146485376gwpb31cc0f6b\">\n<div class=\"m_2641777940487056273m_-6538031461773707674m_-4531744121602899352m_8563526642957471129m_-5575929468745791979m_667212189538037627m_-4924010008181858895gwpf7c394ac_gmail-m_-261316172244701859gwp3292f952_gmail-m_-8159756851146485376gwpb31cc0f6_nh_signature_800118b7-dac3-5c62-b554-07573193b167\">\n<div><img loading=\"lazy\" class=\"alignnone size-medium wp-image-319\" src=\"https:\/\/fundacjawilkonia.pl\/wp-content\/uploads\/2017\/02\/BEW1CC50200_lowres-194x300.jpg\" alt=\"\" width=\"194\" height=\"300\" srcset=\"https:\/\/fundacjawilkonia.pl\/wp-content\/uploads\/2017\/02\/BEW1CC50200_lowres-194x300.jpg 194w, https:\/\/fundacjawilkonia.pl\/wp-content\/uploads\/2017\/02\/BEW1CC50200_lowres-162x250.jpg 162w, https:\/\/fundacjawilkonia.pl\/wp-content\/uploads\/2017\/02\/BEW1CC50200_lowres.jpg 582w\" sizes=\"(max-width: 194px) 100vw, 194px\" \/><\/div>\n<div>1.06-2.06.2019. <strong>Bydgoszcz<\/strong>\u00a0<strong>Festiwal Litery i Obrazki<\/strong> Spotkania z J\u00f3zefem Wilkoniem<\/div>\n<div>1.06- 15.06.2019<strong> Jab\u0142onna &#8222;J\u00f3zef Wilkon wystawa\u00a0 Ilustracji dla dzieci &#8222;<\/strong>Galeria Sztuki Na Prostej spotkanie z Mistrzem 15.06.godz.15.00<\/div>\n<\/div>\n<\/div>\n<\/div>\n<\/div>\n<div>1.06 &#8211; 22.06.2019 <strong>Skierniewice &#8222;Don Kichote J\u00f3zerfa Wilkonia Podr\u00f3\u017c do Skierniewic&#8221;<\/strong> Biuro Wystaw Artystycznych . Spotkanie z Mistrzem 7.06 godz.17.30<\/div>\n<div><b> <\/b><span class=\"m_2641777940487056273m_-6538031461773707674m_-4531744121602899352m_8563526642957471129m_-5575929468745791979m_667212189538037627m_-4924010008181858895gwpf7c394ac_gmail-m_-261316172244701859gwp3292f952_gmail-m_-8159756851146485376font\"><span class=\"m_2641777940487056273m_-6538031461773707674m_-4531744121602899352m_8563526642957471129m_-5575929468745791979m_667212189538037627m_-4924010008181858895gwpf7c394ac_gmail-m_-261316172244701859gwp3292f952_gmail-m_-8159756851146485376size\">22.05-15.06.2019<\/span><\/span><b><span class=\"m_2641777940487056273m_-6538031461773707674m_-4531744121602899352m_8563526642957471129m_-5575929468745791979m_667212189538037627m_-4924010008181858895gwpf7c394ac_gmail-m_-261316172244701859gwp3292f952_gmail-m_-8159756851146485376font\"><span class=\"m_2641777940487056273m_-6538031461773707674m_-4531744121602899352m_8563526642957471129m_-5575929468745791979m_667212189538037627m_-4924010008181858895gwpf7c394ac_gmail-m_-261316172244701859gwp3292f952_gmail-m_-8159756851146485376size\"> Warszwa &#8222;Sztuka <i>J\u00f3zefa Wilkonia w Japonii&#8221; <\/i><\/span><\/span><\/b><span class=\"m_2641777940487056273m_-6538031461773707674m_-4531744121602899352m_8563526642957471129m_-5575929468745791979m_667212189538037627m_-4924010008181858895gwpf7c394ac_gmail-m_-261316172244701859gwp3292f952_gmail-m_-8159756851146485376font\"><span class=\"m_2641777940487056273m_-6538031461773707674m_-4531744121602899352m_8563526642957471129m_-5575929468745791979m_667212189538037627m_-4924010008181858895gwpf7c394ac_gmail-m_-261316172244701859gwp3292f952_gmail-m_-8159756851146485376size\"><i>Galeria APS ul. Szcz\u0119\u015bliwicka 40<\/i><\/span><\/span><b><span class=\"m_2641777940487056273m_-6538031461773707674m_-4531744121602899352m_8563526642957471129m_-5575929468745791979m_667212189538037627m_-4924010008181858895gwpf7c394ac_gmail-m_-261316172244701859gwp3292f952_gmail-m_-8159756851146485376font\"><span class=\"m_2641777940487056273m_-6538031461773707674m_-4531744121602899352m_8563526642957471129m_-5575929468745791979m_667212189538037627m_-4924010008181858895gwpf7c394ac_gmail-m_-261316172244701859gwp3292f952_gmail-m_-8159756851146485376size\"><br \/>\n<\/span><\/span><\/b><\/div>\n<\/div>\n<\/div>\n<\/div>\n<\/div>\n<\/div>\n<\/div>\n<\/div>\n<\/div>\n<\/div>\n<\/div>\n<\/div>\n<p>09.05 -10.05.2019 <strong>Warszawa Z\u0142ota44 &#8222;Akty J\u00f3zefa Wilkonia na 52&#8221;<\/strong><\/p>\n<p>7.04 &#8211; 12.05.2019\u00a0 <strong>Powsin<\/strong> Ogr\u00f3d Botaniczny wystawa <strong>&#8222;J\u00f3zef Wilko\u0144 w Japonii&#8221;<\/strong><\/p>\n<p>24.03 &#8211; 26.05.2019 <strong>Tarnobrzeg <\/strong>wystawa <strong>&#8222;Pan Tadeusz w ilustracji J\u00f3zefa Wilkonia&#8221;<\/strong> Zamek w Dzikowie<\/p>\n<p>22.03.2019 &#8211; <strong>Wieliczka<\/strong> Nagroda dla J\u00f3zefa Wilkonia &#8222;Per\u0142a Powiatu Wielickiego\u00a0 za <span class=\"text_exposed_show\">CA\u0141KOKSZTA\u0141T DZIA\u0141ALNO\u015aCI&#8221;<\/span><\/p>\n<p>12.02.2019 &#8211; 7.04.2019<strong>\u00a0 Radziejowice Domu Pracy Tw\u00f3rczej <\/strong>wystawa<strong>&#8222;Akt w malarstwie J\u00f3zefa Wilkonia&#8221;<\/strong><\/p>\n<p>10.01.2019\u00a0 -30.01.2019\u00a0 <strong>Warszawa S\u0142u\u017cewski Dom Kultury <\/strong>wystawa<strong> &#8222;Kol\u0119dowanie z J\u00f3zefem Wilkoniem&#8221;<\/strong><\/p>\n<p><strong>\u00a0<\/strong><\/p>\n<p><strong>2018 ROK<\/strong><\/p>\n<p>06.06.-06.08.2018 \u00a0 \u00a0\u00a0 <strong>Warszawa<\/strong> ,wystawa<strong>&#8221; Co J\u00f3zef Wilo\u0144 namalowa\u0142 w tym roku&#8221;<\/strong> w Galerii\u00a0 Quadrillion<\/p>\n<p>04.07.2018 \u00a0 \u00a0 \u00a0 \u00a0 \u00a0\u00a0\u00a0\u00a0\u00a0\u00a0\u00a0 <strong>Piaseczno<\/strong>\u00a0 Otwarcie Zak\u0105tka Kultury. Spacer szlakiem rze\u017ab J\u00f3zefa Wilkonia,<\/p>\n<p>14 &#8211; 16.07.2018 \u00a0 \u00a0 \u00a0 \u00a0\u00a0 <strong>Horyniec Zdr\u00f3j<\/strong>\u00a0 J\u00f3zef Wilko\u0144 go\u015bciem Festiwalu Artystyczny Zdr\u00f3j<\/p>\n<p>15.09.2018 \u00a0 \u00a0 \u00a0 \u00a0 \u00a0\u00a0 \u00a0\u00a0\u00a0\u00a0\u00a0 <strong>Piaseczno<\/strong> Festiwal Pi\u0119knej ksi\u0105\u017cki\u00a0 Piaseczno Ludzie Ksi\u0105\u017cki 2018<\/p>\n<p>28.09-25.11.2018\u00a0\u00a0\u00a0\u00a0\u00a0\u00a0\u00a0 <strong>Warszawa<\/strong> wystawa <strong>&#8222;J\u00f3zef Wilko\u0144.R\u0119czna robota&#8221;<\/strong>z cyklu &#8222;Mistrzowie Ilustracji&#8221; w Muzeum Karykatury ul.Kozia<\/p>\n<p>7.10 2018\u00a0\u00a0\u00a0\u00a0\u00a0\u00a0\u00a0\u00a0\u00a0\u00a0\u00a0\u00a0\u00a0\u00a0\u00a0\u00a0\u00a0\u00a0<strong>\u00a0\u00a0 Warszawa 6.Warszawskie Targi Sztuki &#8222;Br\u0105zy Wilkonia&#8221;, <\/strong>Galerii Sztuki Dost\u0119pnej Limited Edition<\/p>\n<p>11.10 &#8211; 30.10.2018\u00a0\u00a0\u00a0\u00a0\u00a0\u00a0\u00a0 <strong>\u0141\u00f3d\u017a<\/strong> <strong>Akademia Sztuk Pi\u0119knych\u00a0<\/strong> wystawa <strong>&#8222;Wilko\u0144 i MY&#8221; <\/strong>Galeria KOBRO\u00a0 ASP \u0141\u00f3d\u017a ul.Wojska Polskiego 121<\/p>\n<p>27.10.2018-20.02 2019 \u00a0 <strong>S\u00e0rmede,Treviso (Italia)W\u0142ochy <\/strong>Fondazione Mostra Internazionale d&#8217;lllustrazione per l&#8217;Infanzia \u0160t\u0115p\u00e1n Zav\u0159el<\/p>\n<p>08.11.2018 -12.12.2018 \u00a0 <strong>Opole Miejska Biblioteka Publiczna w Opolu im. Jana Paw\u0142a II <\/strong>wystawa &#8222;Wilko\u0144 w Opolu&#8221;<strong><br \/>\n<\/strong><\/p>\n<p>13.11.2018\u00a0\u00a0\u00a0\u00a0\u00a0\u00a0\u00a0\u00a0\u00a0\u00a0\u00a0\u00a0\u00a0\u00a0\u00a0\u00a0\u00a0\u00a0\u00a0\u00a0 <strong>Warszawa Biblioteka Publiczna ul.Koszykowa<\/strong> wydanie ksi\u0105\u017cki &#8222;Kolorowa Krowa&#8221;Ewy Karwan Jastrz\u0119bskiej il.J. Wilko\u0144<\/p>\n<p>27.11.2018\u00a0\u00a0\u00a0\u00a0\u00a0 <strong>Warszawa Sto\u0142eczne Centrum Edukacji i Kino Atlantic<\/strong>\u00a0 spotkanie pt.&#8221;<strong>DO CZTERECH razy SZTUKA&#8221;<\/strong><\/p>\n<p>14.12.2018\u00a0 -17.02.2019\u00a0<strong> W\u0142oc\u0142awek\u00a0 BWA\u00a0 Browar\u00a0\u00a0Centrum Kultury &#8222;Browar B.&#8221; we W\u0142oc\u0142awku\u00a0 <\/strong>wystawa<\/p>\n<p><strong>&#8222;Fantastyczny \u015bwiat J\u00f3zefa Wilkonia&#8221;<\/strong><\/p>\n","protected":false},"excerpt":{"rendered":"<p>1.06-2.06.2019. Bydgoszcz\u00a0Festiwal Litery i Obrazki Spotkania z J\u00f3zefem Wilkoniem 1.06- 15.06.2019 Jab\u0142onna &#8222;J\u00f3zef Wilkon wystawa\u00a0 Ilustracji dla dzieci &#8222;Galeria Sztuki [&hellip;]<\/p>\n","protected":false},"author":2,"featured_media":319,"parent":0,"menu_order":0,"comment_status":"closed","ping_status":"closed","template":"","meta":[],"yoast_head":"<!-- This site is optimized with the Yoast SEO plugin v19.4 - https:\/\/yoast.com\/wordpress\/plugins\/seo\/ -->\n<title>Kalendarium - Fundacja \u201eArka\u201d im. J\u00f3zefa Wilkonia<\/title>\n<meta name=\"robots\" content=\"index, follow, max-snippet:-1, max-image-preview:large, max-video-preview:-1\" \/>\n<link rel=\"canonical\" href=\"https:\/\/fundacjawilkonia.pl\/index.php\/kalendarium\/\" \/>\n<meta property=\"og:locale\" content=\"pl_PL\" \/>\n<meta property=\"og:type\" content=\"article\" \/>\n<meta property=\"og:title\" content=\"Kalendarium - Fundacja \u201eArka\u201d im. J\u00f3zefa Wilkonia\" \/>\n<meta property=\"og:description\" content=\"1.06-2.06.2019. Bydgoszcz\u00a0Festiwal Litery i Obrazki Spotkania z J\u00f3zefem Wilkoniem 1.06- 15.06.2019 Jab\u0142onna &#8222;J\u00f3zef Wilkon wystawa\u00a0 Ilustracji dla dzieci &#8222;Galeria Sztuki [&hellip;]\" \/>\n<meta property=\"og:url\" content=\"https:\/\/fundacjawilkonia.pl\/index.php\/kalendarium\/\" \/>\n<meta property=\"og:site_name\" content=\"Fundacja \u201eArka\u201d im. J\u00f3zefa Wilkonia\" \/>\n<meta property=\"article:publisher\" content=\"https:\/\/www.facebook.com\/Fundacja-Wilkonia-221788084540934\/\" \/>\n<meta property=\"article:modified_time\" content=\"2019-11-07T18:46:00+00:00\" \/>\n<meta property=\"og:image\" content=\"https:\/\/i1.wp.com\/fundacjawilkonia.pl\/wp-content\/uploads\/2017\/02\/BEW1CC50200_lowres.jpg?fit=582%2C900&ssl=1\" \/>\n\t<meta property=\"og:image:width\" content=\"582\" \/>\n\t<meta property=\"og:image:height\" content=\"900\" \/>\n\t<meta property=\"og:image:type\" content=\"image\/jpeg\" \/>\n<meta name=\"twitter:card\" content=\"summary_large_image\" \/>\n<meta name=\"twitter:site\" content=\"@fundacjawilkoni\" \/>\n<meta name=\"twitter:label1\" content=\"Szacowany czas czytania\" \/>\n\t<meta name=\"twitter:data1\" content=\"2 minuty\" \/>\n<script type=\"application\/ld+json\" class=\"yoast-schema-graph\">{\"@context\":\"https:\/\/schema.org\",\"@graph\":[{\"@type\":\"Organization\",\"@id\":\"https:\/\/fundacjawilkonia.pl\/#organization\",\"name\":\"Fundacja \\\"Arka\\\" im. J\u00f3zefa Wilkonia\",\"url\":\"https:\/\/fundacjawilkonia.pl\/\",\"sameAs\":[\"https:\/\/www.instagram.com\/fundacjawilkonia\/?hl=pl\",\"https:\/\/www.facebook.com\/Fundacja-Wilkonia-221788084540934\/\",\"https:\/\/twitter.com\/fundacjawilkoni\"],\"logo\":{\"@type\":\"ImageObject\",\"inLanguage\":\"pl-PL\",\"@id\":\"https:\/\/fundacjawilkonia.pl\/#\/schema\/logo\/image\/\",\"url\":\"https:\/\/i2.wp.com\/fundacjawilkonia.pl\/wp-content\/uploads\/2016\/09\/10987396_771520442901026_1174624827528049836_n.png?fit=790%2C593&ssl=1\",\"contentUrl\":\"https:\/\/i2.wp.com\/fundacjawilkonia.pl\/wp-content\/uploads\/2016\/09\/10987396_771520442901026_1174624827528049836_n.png?fit=790%2C593&ssl=1\",\"width\":790,\"height\":593,\"caption\":\"Fundacja \\\"Arka\\\" im. J\u00f3zefa Wilkonia\"},\"image\":{\"@id\":\"https:\/\/fundacjawilkonia.pl\/#\/schema\/logo\/image\/\"}},{\"@type\":\"WebSite\",\"@id\":\"https:\/\/fundacjawilkonia.pl\/#website\",\"url\":\"https:\/\/fundacjawilkonia.pl\/\",\"name\":\"Fundacja \u201eArka\u201d im. J\u00f3zefa Wilkonia\",\"description\":\"G\u0142\u00f3wnym celem fundacji jest ochrona i promocja dorobku artystycznego J\u00f3zefa Wilkonia i og\u00f3lnych warto\u015bci zwi\u0105zanych ze sztukami pi\u0119knymi, a w szczeg\u00f3lno\u015bci ilustratorstwem i sztuk\u0105 edytorsk\u0105.\",\"publisher\":{\"@id\":\"https:\/\/fundacjawilkonia.pl\/#organization\"},\"potentialAction\":[{\"@type\":\"SearchAction\",\"target\":{\"@type\":\"EntryPoint\",\"urlTemplate\":\"https:\/\/fundacjawilkonia.pl\/?s={search_term_string}\"},\"query-input\":\"required name=search_term_string\"}],\"inLanguage\":\"pl-PL\"},{\"@type\":\"WebPage\",\"@id\":\"https:\/\/fundacjawilkonia.pl\/index.php\/kalendarium\/\",\"url\":\"https:\/\/fundacjawilkonia.pl\/index.php\/kalendarium\/\",\"name\":\"Kalendarium - Fundacja \u201eArka\u201d im. J\u00f3zefa Wilkonia\",\"isPartOf\":{\"@id\":\"https:\/\/fundacjawilkonia.pl\/#website\"},\"datePublished\":\"2018-07-16T21:50:16+00:00\",\"dateModified\":\"2019-11-07T18:46:00+00:00\",\"breadcrumb\":{\"@id\":\"https:\/\/fundacjawilkonia.pl\/index.php\/kalendarium\/#breadcrumb\"},\"inLanguage\":\"pl-PL\",\"potentialAction\":[{\"@type\":\"ReadAction\",\"target\":[\"https:\/\/fundacjawilkonia.pl\/index.php\/kalendarium\/\"]}]},{\"@type\":\"BreadcrumbList\",\"@id\":\"https:\/\/fundacjawilkonia.pl\/index.php\/kalendarium\/#breadcrumb\",\"itemListElement\":[{\"@type\":\"ListItem\",\"position\":1,\"name\":\"Strona g\u0142\u00f3wna\",\"item\":\"https:\/\/fundacjawilkonia.pl\/\"},{\"@type\":\"ListItem\",\"position\":2,\"name\":\"Kalendarium\"}]}]}<\/script>\n<!-- \/ Yoast SEO plugin. -->","yoast_head_json":{"title":"Kalendarium - Fundacja \u201eArka\u201d im. J\u00f3zefa Wilkonia","robots":{"index":"index","follow":"follow","max-snippet":"max-snippet:-1","max-image-preview":"max-image-preview:large","max-video-preview":"max-video-preview:-1"},"canonical":"https:\/\/fundacjawilkonia.pl\/index.php\/kalendarium\/","og_locale":"pl_PL","og_type":"article","og_title":"Kalendarium - Fundacja \u201eArka\u201d im. J\u00f3zefa Wilkonia","og_description":"1.06-2.06.2019. Bydgoszcz\u00a0Festiwal Litery i Obrazki Spotkania z J\u00f3zefem Wilkoniem 1.06- 15.06.2019 Jab\u0142onna &#8222;J\u00f3zef Wilkon wystawa\u00a0 Ilustracji dla dzieci &#8222;Galeria Sztuki [&hellip;]","og_url":"https:\/\/fundacjawilkonia.pl\/index.php\/kalendarium\/","og_site_name":"Fundacja \u201eArka\u201d im. J\u00f3zefa Wilkonia","article_publisher":"https:\/\/www.facebook.com\/Fundacja-Wilkonia-221788084540934\/","article_modified_time":"2019-11-07T18:46:00+00:00","og_image":[{"width":582,"height":900,"url":"https:\/\/i1.wp.com\/fundacjawilkonia.pl\/wp-content\/uploads\/2017\/02\/BEW1CC50200_lowres.jpg?fit=582%2C900&ssl=1","type":"image\/jpeg"}],"twitter_card":"summary_large_image","twitter_site":"@fundacjawilkoni","twitter_misc":{"Szacowany czas czytania":"2 minuty"},"schema":{"@context":"https:\/\/schema.org","@graph":[{"@type":"Organization","@id":"https:\/\/fundacjawilkonia.pl\/#organization","name":"Fundacja \"Arka\" im. J\u00f3zefa Wilkonia","url":"https:\/\/fundacjawilkonia.pl\/","sameAs":["https:\/\/www.instagram.com\/fundacjawilkonia\/?hl=pl","https:\/\/www.facebook.com\/Fundacja-Wilkonia-221788084540934\/","https:\/\/twitter.com\/fundacjawilkoni"],"logo":{"@type":"ImageObject","inLanguage":"pl-PL","@id":"https:\/\/fundacjawilkonia.pl\/#\/schema\/logo\/image\/","url":"https:\/\/i2.wp.com\/fundacjawilkonia.pl\/wp-content\/uploads\/2016\/09\/10987396_771520442901026_1174624827528049836_n.png?fit=790%2C593&ssl=1","contentUrl":"https:\/\/i2.wp.com\/fundacjawilkonia.pl\/wp-content\/uploads\/2016\/09\/10987396_771520442901026_1174624827528049836_n.png?fit=790%2C593&ssl=1","width":790,"height":593,"caption":"Fundacja \"Arka\" im. J\u00f3zefa Wilkonia"},"image":{"@id":"https:\/\/fundacjawilkonia.pl\/#\/schema\/logo\/image\/"}},{"@type":"WebSite","@id":"https:\/\/fundacjawilkonia.pl\/#website","url":"https:\/\/fundacjawilkonia.pl\/","name":"Fundacja \u201eArka\u201d im. J\u00f3zefa Wilkonia","description":"G\u0142\u00f3wnym celem fundacji jest ochrona i promocja dorobku artystycznego J\u00f3zefa Wilkonia i og\u00f3lnych warto\u015bci zwi\u0105zanych ze sztukami pi\u0119knymi, a w szczeg\u00f3lno\u015bci ilustratorstwem i sztuk\u0105 edytorsk\u0105.","publisher":{"@id":"https:\/\/fundacjawilkonia.pl\/#organization"},"potentialAction":[{"@type":"SearchAction","target":{"@type":"EntryPoint","urlTemplate":"https:\/\/fundacjawilkonia.pl\/?s={search_term_string}"},"query-input":"required name=search_term_string"}],"inLanguage":"pl-PL"},{"@type":"WebPage","@id":"https:\/\/fundacjawilkonia.pl\/index.php\/kalendarium\/","url":"https:\/\/fundacjawilkonia.pl\/index.php\/kalendarium\/","name":"Kalendarium - Fundacja \u201eArka\u201d im. J\u00f3zefa Wilkonia","isPartOf":{"@id":"https:\/\/fundacjawilkonia.pl\/#website"},"datePublished":"2018-07-16T21:50:16+00:00","dateModified":"2019-11-07T18:46:00+00:00","breadcrumb":{"@id":"https:\/\/fundacjawilkonia.pl\/index.php\/kalendarium\/#breadcrumb"},"inLanguage":"pl-PL","potentialAction":[{"@type":"ReadAction","target":["https:\/\/fundacjawilkonia.pl\/index.php\/kalendarium\/"]}]},{"@type":"BreadcrumbList","@id":"https:\/\/fundacjawilkonia.pl\/index.php\/kalendarium\/#breadcrumb","itemListElement":[{"@type":"ListItem","position":1,"name":"Strona g\u0142\u00f3wna","item":"https:\/\/fundacjawilkonia.pl\/"},{"@type":"ListItem","position":2,"name":"Kalendarium"}]}]}},"_links":{"self":[{"href":"https:\/\/fundacjawilkonia.pl\/index.php\/wp-json\/wp\/v2\/pages\/822"}],"collection":[{"href":"https:\/\/fundacjawilkonia.pl\/index.php\/wp-json\/wp\/v2\/pages"}],"about":[{"href":"https:\/\/fundacjawilkonia.pl\/index.php\/wp-json\/wp\/v2\/types\/page"}],"author":[{"embeddable":true,"href":"https:\/\/fundacjawilkonia.pl\/index.php\/wp-json\/wp\/v2\/users\/2"}],"replies":[{"embeddable":true,"href":"https:\/\/fundacjawilkonia.pl\/index.php\/wp-json\/wp\/v2\/comments?post=822"}],"version-history":[{"count":0,"href":"https:\/\/fundacjawilkonia.pl\/index.php\/wp-json\/wp\/v2\/pages\/822\/revisions"}],"wp:featuredmedia":[{"embeddable":true,"href":"https:\/\/fundacjawilkonia.pl\/index.php\/wp-json\/wp\/v2\/media\/319"}],"wp:attachment":[{"href":"https:\/\/fundacjawilkonia.pl\/index.php\/wp-json\/wp\/v2\/media?parent=822"}],"curies":[{"name":"wp","href":"https:\/\/api.w.org\/{rel}","templated":true}]}}