{"id":9,"date":"2016-09-06T17:47:45","date_gmt":"2016-09-06T15:47:45","guid":{"rendered":"http:\/\/fundacjawilkonia.pl\/?page_id=9"},"modified":"2019-11-07T19:38:17","modified_gmt":"2019-11-07T18:38:17","slug":"fundacja-arka-im-jozefa-wilkonia","status":"publish","type":"page","link":"https:\/\/fundacjawilkonia.pl\/index.php\/fundacja-arka-im-jozefa-wilkonia\/","title":{"rendered":"O fundacji \u201eArka\u201d im. J\u00f3zefa Wilkonia"},"content":{"rendered":"<p><strong>Fundacja \u201eArka\u201d im. J\u00f3zefa Wilkonia powsta\u0142a w 2009 roku.<\/strong> Jest to organizacja pozarz\u0105dowa, za\u0142o\u017cona przez wybitnego rze\u017abiarza, malarza i ilustratora J\u00f3zefa Wilkonia. Gl\u00f3wnym celem fundacji jest ochrona i promocja zar\u00f3wno dorobku artystycznego samego za\u0142o\u017cyciela, jak i og\u00f3lnych warto\u015bci zwi\u0105zanych ze sztukami pi\u0119knymi, a w szczeg\u00f3lno\u015bci ilustratorstwo i sztuk\u0105 edytorsk\u0105.<\/p>\n<p>Fundacja jako organizacja pozarz\u0105dowa dzia\u0142a dzi\u0119ki dotacjom z funduszy polskich i mi\u0119dzynarodowych,&nbsp;program\u00f3w pomocowych wspieraj\u0105cych kultur\u0119,&nbsp;a tak\u017ce przy wsparciu finansowym i rzeczowym&nbsp;ze strony firm, organizacji i os\u00f3b prywatnych.<\/p>\n<p><strong>Cele Fundacji:<\/strong><\/p>\n<ol>\n<li>Ochrona dorobku, promocja i upowszechnianie wiedzy&nbsp;o sztuce J\u00f3zefa Wilkonia<\/li>\n<li>Inicjowanie, realizowanie i wspieranie wszelkich&nbsp;projekt\u00f3w artystycznych z dziedziny malarstwa,&nbsp;rze\u017aby i ilustracji<\/li>\n<li>Edukacja dzieci i m\u0142odzie\u017cy w zakresie uczestnictwa&nbsp;w kulturze, a tak\u017ce wspieranie r\u00f3\u017cnych, nowatorskich&nbsp;form edukacji i dzia\u0142a\u0144 naukowych w tym zakresie<\/li>\n<li>Propagowanie r\u00f3\u017cnorodnych form sztuki oraz&nbsp;dzia\u0142anie na rzecz wszechstronnego rozwoju sztuk&nbsp;plastycznych<\/li>\n<\/ol>\n","protected":false},"excerpt":{"rendered":"<p>Fundacja \u201eArka\u201d im. J\u00f3zefa Wilkonia powsta\u0142a w 2009 roku. Jest to organizacja pozarz\u0105dowa, za\u0142o\u017cona przez wybitnego rze\u017abiarza, malarza i ilustratora [&hellip;]<\/p>\n","protected":false},"author":1,"featured_media":0,"parent":0,"menu_order":0,"comment_status":"closed","ping_status":"closed","template":"","meta":[],"yoast_head":"<!-- This site is optimized with the Yoast SEO plugin v19.4 - https:\/\/yoast.com\/wordpress\/plugins\/seo\/ -->\n<title>O fundacji \u201eArka\u201d im. J\u00f3zefa Wilkonia - Fundacja \u201eArka\u201d im. J\u00f3zefa Wilkonia<\/title>\n<meta name=\"robots\" content=\"index, follow, max-snippet:-1, max-image-preview:large, max-video-preview:-1\" \/>\n<link rel=\"canonical\" href=\"https:\/\/fundacjawilkonia.pl\/index.php\/fundacja-arka-im-jozefa-wilkonia\/\" \/>\n<meta property=\"og:locale\" content=\"pl_PL\" \/>\n<meta property=\"og:type\" content=\"article\" \/>\n<meta property=\"og:title\" content=\"O fundacji \u201eArka\u201d im. J\u00f3zefa Wilkonia - Fundacja \u201eArka\u201d im. J\u00f3zefa Wilkonia\" \/>\n<meta property=\"og:description\" content=\"Fundacja \u201eArka\u201d im. J\u00f3zefa Wilkonia powsta\u0142a w 2009 roku. Jest to organizacja pozarz\u0105dowa, za\u0142o\u017cona przez wybitnego rze\u017abiarza, malarza i ilustratora [&hellip;]\" \/>\n<meta property=\"og:url\" content=\"https:\/\/fundacjawilkonia.pl\/index.php\/fundacja-arka-im-jozefa-wilkonia\/\" \/>\n<meta property=\"og:site_name\" content=\"Fundacja \u201eArka\u201d im. J\u00f3zefa Wilkonia\" \/>\n<meta property=\"article:publisher\" content=\"https:\/\/www.facebook.com\/Fundacja-Wilkonia-221788084540934\/\" \/>\n<meta property=\"article:modified_time\" content=\"2019-11-07T18:38:17+00:00\" \/>\n<meta name=\"twitter:card\" content=\"summary_large_image\" \/>\n<meta name=\"twitter:site\" content=\"@fundacjawilkoni\" \/>\n<meta name=\"twitter:label1\" content=\"Szacowany czas czytania\" \/>\n\t<meta name=\"twitter:data1\" content=\"1 minuta\" \/>\n<script type=\"application\/ld+json\" class=\"yoast-schema-graph\">{\"@context\":\"https:\/\/schema.org\",\"@graph\":[{\"@type\":\"Organization\",\"@id\":\"https:\/\/fundacjawilkonia.pl\/#organization\",\"name\":\"Fundacja \\\"Arka\\\" im. J\u00f3zefa Wilkonia\",\"url\":\"https:\/\/fundacjawilkonia.pl\/\",\"sameAs\":[\"https:\/\/www.instagram.com\/fundacjawilkonia\/?hl=pl\",\"https:\/\/www.facebook.com\/Fundacja-Wilkonia-221788084540934\/\",\"https:\/\/twitter.com\/fundacjawilkoni\"],\"logo\":{\"@type\":\"ImageObject\",\"inLanguage\":\"pl-PL\",\"@id\":\"https:\/\/fundacjawilkonia.pl\/#\/schema\/logo\/image\/\",\"url\":\"https:\/\/i2.wp.com\/fundacjawilkonia.pl\/wp-content\/uploads\/2016\/09\/10987396_771520442901026_1174624827528049836_n.png?fit=790%2C593&ssl=1\",\"contentUrl\":\"https:\/\/i2.wp.com\/fundacjawilkonia.pl\/wp-content\/uploads\/2016\/09\/10987396_771520442901026_1174624827528049836_n.png?fit=790%2C593&ssl=1\",\"width\":790,\"height\":593,\"caption\":\"Fundacja \\\"Arka\\\" im. J\u00f3zefa Wilkonia\"},\"image\":{\"@id\":\"https:\/\/fundacjawilkonia.pl\/#\/schema\/logo\/image\/\"}},{\"@type\":\"WebSite\",\"@id\":\"https:\/\/fundacjawilkonia.pl\/#website\",\"url\":\"https:\/\/fundacjawilkonia.pl\/\",\"name\":\"Fundacja \u201eArka\u201d im. J\u00f3zefa Wilkonia\",\"description\":\"G\u0142\u00f3wnym celem fundacji jest ochrona i promocja dorobku artystycznego J\u00f3zefa Wilkonia i og\u00f3lnych warto\u015bci zwi\u0105zanych ze sztukami pi\u0119knymi, a w szczeg\u00f3lno\u015bci ilustratorstwem i sztuk\u0105 edytorsk\u0105.\",\"publisher\":{\"@id\":\"https:\/\/fundacjawilkonia.pl\/#organization\"},\"potentialAction\":[{\"@type\":\"SearchAction\",\"target\":{\"@type\":\"EntryPoint\",\"urlTemplate\":\"https:\/\/fundacjawilkonia.pl\/?s={search_term_string}\"},\"query-input\":\"required name=search_term_string\"}],\"inLanguage\":\"pl-PL\"},{\"@type\":\"WebPage\",\"@id\":\"https:\/\/fundacjawilkonia.pl\/index.php\/fundacja-arka-im-jozefa-wilkonia\/\",\"url\":\"https:\/\/fundacjawilkonia.pl\/index.php\/fundacja-arka-im-jozefa-wilkonia\/\",\"name\":\"O fundacji \u201eArka\u201d im. J\u00f3zefa Wilkonia - Fundacja \u201eArka\u201d im. J\u00f3zefa Wilkonia\",\"isPartOf\":{\"@id\":\"https:\/\/fundacjawilkonia.pl\/#website\"},\"datePublished\":\"2016-09-06T15:47:45+00:00\",\"dateModified\":\"2019-11-07T18:38:17+00:00\",\"breadcrumb\":{\"@id\":\"https:\/\/fundacjawilkonia.pl\/index.php\/fundacja-arka-im-jozefa-wilkonia\/#breadcrumb\"},\"inLanguage\":\"pl-PL\",\"potentialAction\":[{\"@type\":\"ReadAction\",\"target\":[\"https:\/\/fundacjawilkonia.pl\/index.php\/fundacja-arka-im-jozefa-wilkonia\/\"]}]},{\"@type\":\"BreadcrumbList\",\"@id\":\"https:\/\/fundacjawilkonia.pl\/index.php\/fundacja-arka-im-jozefa-wilkonia\/#breadcrumb\",\"itemListElement\":[{\"@type\":\"ListItem\",\"position\":1,\"name\":\"Strona g\u0142\u00f3wna\",\"item\":\"https:\/\/fundacjawilkonia.pl\/\"},{\"@type\":\"ListItem\",\"position\":2,\"name\":\"O fundacji \u201eArka\u201d im. J\u00f3zefa Wilkonia\"}]}]}<\/script>\n<!-- \/ Yoast SEO plugin. -->","yoast_head_json":{"title":"O fundacji \u201eArka\u201d im. J\u00f3zefa Wilkonia - Fundacja \u201eArka\u201d im. J\u00f3zefa Wilkonia","robots":{"index":"index","follow":"follow","max-snippet":"max-snippet:-1","max-image-preview":"max-image-preview:large","max-video-preview":"max-video-preview:-1"},"canonical":"https:\/\/fundacjawilkonia.pl\/index.php\/fundacja-arka-im-jozefa-wilkonia\/","og_locale":"pl_PL","og_type":"article","og_title":"O fundacji \u201eArka\u201d im. J\u00f3zefa Wilkonia - Fundacja \u201eArka\u201d im. J\u00f3zefa Wilkonia","og_description":"Fundacja \u201eArka\u201d im. J\u00f3zefa Wilkonia powsta\u0142a w 2009 roku. Jest to organizacja pozarz\u0105dowa, za\u0142o\u017cona przez wybitnego rze\u017abiarza, malarza i ilustratora [&hellip;]","og_url":"https:\/\/fundacjawilkonia.pl\/index.php\/fundacja-arka-im-jozefa-wilkonia\/","og_site_name":"Fundacja \u201eArka\u201d im. J\u00f3zefa Wilkonia","article_publisher":"https:\/\/www.facebook.com\/Fundacja-Wilkonia-221788084540934\/","article_modified_time":"2019-11-07T18:38:17+00:00","twitter_card":"summary_large_image","twitter_site":"@fundacjawilkoni","twitter_misc":{"Szacowany czas czytania":"1 minuta"},"schema":{"@context":"https:\/\/schema.org","@graph":[{"@type":"Organization","@id":"https:\/\/fundacjawilkonia.pl\/#organization","name":"Fundacja \"Arka\" im. J\u00f3zefa Wilkonia","url":"https:\/\/fundacjawilkonia.pl\/","sameAs":["https:\/\/www.instagram.com\/fundacjawilkonia\/?hl=pl","https:\/\/www.facebook.com\/Fundacja-Wilkonia-221788084540934\/","https:\/\/twitter.com\/fundacjawilkoni"],"logo":{"@type":"ImageObject","inLanguage":"pl-PL","@id":"https:\/\/fundacjawilkonia.pl\/#\/schema\/logo\/image\/","url":"https:\/\/i2.wp.com\/fundacjawilkonia.pl\/wp-content\/uploads\/2016\/09\/10987396_771520442901026_1174624827528049836_n.png?fit=790%2C593&ssl=1","contentUrl":"https:\/\/i2.wp.com\/fundacjawilkonia.pl\/wp-content\/uploads\/2016\/09\/10987396_771520442901026_1174624827528049836_n.png?fit=790%2C593&ssl=1","width":790,"height":593,"caption":"Fundacja \"Arka\" im. J\u00f3zefa Wilkonia"},"image":{"@id":"https:\/\/fundacjawilkonia.pl\/#\/schema\/logo\/image\/"}},{"@type":"WebSite","@id":"https:\/\/fundacjawilkonia.pl\/#website","url":"https:\/\/fundacjawilkonia.pl\/","name":"Fundacja \u201eArka\u201d im. J\u00f3zefa Wilkonia","description":"G\u0142\u00f3wnym celem fundacji jest ochrona i promocja dorobku artystycznego J\u00f3zefa Wilkonia i og\u00f3lnych warto\u015bci zwi\u0105zanych ze sztukami pi\u0119knymi, a w szczeg\u00f3lno\u015bci ilustratorstwem i sztuk\u0105 edytorsk\u0105.","publisher":{"@id":"https:\/\/fundacjawilkonia.pl\/#organization"},"potentialAction":[{"@type":"SearchAction","target":{"@type":"EntryPoint","urlTemplate":"https:\/\/fundacjawilkonia.pl\/?s={search_term_string}"},"query-input":"required name=search_term_string"}],"inLanguage":"pl-PL"},{"@type":"WebPage","@id":"https:\/\/fundacjawilkonia.pl\/index.php\/fundacja-arka-im-jozefa-wilkonia\/","url":"https:\/\/fundacjawilkonia.pl\/index.php\/fundacja-arka-im-jozefa-wilkonia\/","name":"O fundacji \u201eArka\u201d im. J\u00f3zefa Wilkonia - Fundacja \u201eArka\u201d im. J\u00f3zefa Wilkonia","isPartOf":{"@id":"https:\/\/fundacjawilkonia.pl\/#website"},"datePublished":"2016-09-06T15:47:45+00:00","dateModified":"2019-11-07T18:38:17+00:00","breadcrumb":{"@id":"https:\/\/fundacjawilkonia.pl\/index.php\/fundacja-arka-im-jozefa-wilkonia\/#breadcrumb"},"inLanguage":"pl-PL","potentialAction":[{"@type":"ReadAction","target":["https:\/\/fundacjawilkonia.pl\/index.php\/fundacja-arka-im-jozefa-wilkonia\/"]}]},{"@type":"BreadcrumbList","@id":"https:\/\/fundacjawilkonia.pl\/index.php\/fundacja-arka-im-jozefa-wilkonia\/#breadcrumb","itemListElement":[{"@type":"ListItem","position":1,"name":"Strona g\u0142\u00f3wna","item":"https:\/\/fundacjawilkonia.pl\/"},{"@type":"ListItem","position":2,"name":"O fundacji \u201eArka\u201d im. J\u00f3zefa Wilkonia"}]}]}},"_links":{"self":[{"href":"https:\/\/fundacjawilkonia.pl\/index.php\/wp-json\/wp\/v2\/pages\/9"}],"collection":[{"href":"https:\/\/fundacjawilkonia.pl\/index.php\/wp-json\/wp\/v2\/pages"}],"about":[{"href":"https:\/\/fundacjawilkonia.pl\/index.php\/wp-json\/wp\/v2\/types\/page"}],"author":[{"embeddable":true,"href":"https:\/\/fundacjawilkonia.pl\/index.php\/wp-json\/wp\/v2\/users\/1"}],"replies":[{"embeddable":true,"href":"https:\/\/fundacjawilkonia.pl\/index.php\/wp-json\/wp\/v2\/comments?post=9"}],"version-history":[{"count":0,"href":"https:\/\/fundacjawilkonia.pl\/index.php\/wp-json\/wp\/v2\/pages\/9\/revisions"}],"wp:attachment":[{"href":"https:\/\/fundacjawilkonia.pl\/index.php\/wp-json\/wp\/v2\/media?parent=9"}],"curies":[{"name":"wp","href":"https:\/\/api.w.org\/{rel}","templated":true}]}}